{"id":971,"date":"2020-07-02T13:14:52","date_gmt":"2020-07-02T12:14:52","guid":{"rendered":"http:\/\/freymatic.suesskind.ch\/?page_id=971"},"modified":"2026-03-31T16:52:29","modified_gmt":"2026-03-31T15:52:29","slug":"jobs","status":"publish","type":"page","link":"https:\/\/www.freymatic.com\/de\/jobs\/","title":{"rendered":"Jobs"},"content":{"rendered":"<div id='avia-messagebox' class='avia_message_box'><span class='avia_message_box_title' >offene Stellen<\/span><div class='avia_message_box_content' ><br \/>\nWir suchen Unterst\u00fctzung um gross zu bauen, meist Maschinen \u00fcber mehrere Stockwerke hinweg, mit beeindruckenden Dimensionen und technischer Komplexit\u00e4t.<br \/>\n<\/div><\/div>\n<\/div><\/div><\/div><!-- close content main div --><\/div><\/div><div id='av_section_1'  class='avia-section av-5rotv-df68317e655c3cb5548b42ccde37f314 footer_color avia-section-default avia-no-border-styling  avia-builder-el-1  el_after_av_news  el_before_av_section  page_intro avia-bg-style-scroll av-minimum-height av-minimum-height-50  container_wrap fullsize'   data-av_minimum_height_pc='50'><div class='container av-section-cont-open' ><div class='template-page content  av-content-full alpha units'><div class='post-entry post-entry-type-page post-entry-971'><div class='entry-content-wrapper clearfix'>\n\n<style type=\"text\/css\" data-created_by=\"avia_inline_auto\" id=\"style-css-av-1dljar-15dbe208604d4c2994d155ad7ff60bfd\">\n.flex_column.av-1dljar-15dbe208604d4c2994d155ad7ff60bfd{\n-webkit-border-radius:0px 0px 0px 0px;\n-moz-border-radius:0px 0px 0px 0px;\nborder-radius:0px 0px 0px 0px;\n}\n<\/style>\n<div class='flex_column av-1dljar-15dbe208604d4c2994d155ad7ff60bfd av_one_half  avia-builder-el-2  avia-builder-el-no-sibling  page_intro_title first flex_column_div av-animated-generic left-to-right av-zero-column-padding '     ><style type=\"text\/css\" data-created_by=\"avia_inline_auto\" id=\"style-css-av-4lzab-4f93db690a15967bb5f6c6f8b4719b31\">\n#top .av-special-heading.av-4lzab-4f93db690a15967bb5f6c6f8b4719b31{\npadding-bottom:10px;\n}\nbody .av-special-heading.av-4lzab-4f93db690a15967bb5f6c6f8b4719b31 .av-special-heading-tag .heading-char{\nfont-size:25px;\n}\n.av-special-heading.av-4lzab-4f93db690a15967bb5f6c6f8b4719b31 .av-subheading{\nfont-size:15px;\n}\n<\/style>\n<div  class='av-special-heading av-4lzab-4f93db690a15967bb5f6c6f8b4719b31 av-special-heading-h1 blockquote modern-quote  avia-builder-el-3  avia-builder-el-no-sibling '><h1 class='av-special-heading-tag'  itemprop=\"headline\"  >FREYMATIC<\/h1><div class='av-subheading av-subheading_below'><p>Dein Team<\/p>\n<\/div><div class=\"special-heading-border\"><div class=\"special-heading-inner-border\"><\/div><\/div><\/div><\/div>\n\n<\/div><\/div><\/div><!-- close content main div --><\/div><\/div><div id='av_section_2'  class='avia-section av-crq4r-14837b415485ae872e93d540fa678d92 main_color avia-section-default avia-no-border-styling  avia-builder-el-4  el_after_av_section  el_before_av_section  avia-bg-style-scroll container_wrap fullsize'  ><div class='container av-section-cont-open' ><div class='template-page content  av-content-full alpha units'><div class='post-entry post-entry-type-page post-entry-971'><div class='entry-content-wrapper clearfix'>\n<div class='flex_column av-ym4b-11618112e7b9fd96c7e86558bd9dcf1e av_one_half  avia-builder-el-5  avia-builder-el-no-sibling  first flex_column_div '     ><p>\n<style type=\"text\/css\" data-created_by=\"avia_inline_auto\" id=\"style-css-av-a6pd7-d2a804424a8b7cf357f89f810bb95a12\">\n#top .av-special-heading.av-a6pd7-d2a804424a8b7cf357f89f810bb95a12{\npadding-bottom:10px;\n}\nbody .av-special-heading.av-a6pd7-d2a804424a8b7cf357f89f810bb95a12 .av-special-heading-tag .heading-char{\nfont-size:25px;\n}\n.av-special-heading.av-a6pd7-d2a804424a8b7cf357f89f810bb95a12 .av-subheading{\nfont-size:15px;\n}\n<\/style>\n<div  class='av-special-heading av-a6pd7-d2a804424a8b7cf357f89f810bb95a12 av-special-heading-h1 blockquote modern-quote  avia-builder-el-6  el_before_av_textblock  avia-builder-el-first '><h1 class='av-special-heading-tag'  itemprop=\"headline\"  >BEWERBUNGEN AN<\/h1><div class=\"special-heading-border\"><div class=\"special-heading-inner-border\"><\/div><\/div><\/div><br \/>\n<section  class='av_textblock_section av-ln2u2gfn-8499865addd305a8658df8635adf8995'  itemscope=\"itemscope\" itemtype=\"https:\/\/schema.org\/CreativeWork\" ><div class='avia_textblock'  itemprop=\"text\" ><p><strong>REMO SOMMER<\/strong><\/p>\n<p>Freymatic AG<br \/>\nPaleu Sura 3<br \/>\nCH-7013 Domat\/Ems<br \/>\n<a href=\"tel:+41812584900\">+41 81 258 49 00<\/a><br \/>\n<a href=\"mailto:info@freymatic.com\">info@freymatic.com<\/a><\/p>\n<\/div><\/section><\/p><\/div>\n\n<\/div><\/div><\/div><!-- close content main div --><\/div><\/div><div id='av_section_3'  class='avia-section av-kmvsz-78dda553febb0bf4f11c8b279c01801b main_color avia-section-default avia-no-border-styling  avia-builder-el-8  el_after_av_section  avia-builder-el-last  avia-bg-style-scroll container_wrap fullsize'  ><div class='container av-section-cont-open' ><div class='template-page content  av-content-full alpha units'><div class='post-entry post-entry-type-page post-entry-971'><div class='entry-content-wrapper clearfix'>\n<div  class='av-catalogue-container   avia-builder-el-9  avia-builder-el-no-sibling '><ul class='av-catalogue-list'>\n<li><div class='av-catalogue-item av-job-item'><div class='av-catalogue-item-inner'><div class='av-catalogue-title-container'><div class='av-catalogue-title'>SERVICETECHNIKER:IN<\/div><\/div><div class='av-catalogue-content'><\/div><\/div><button class=\"mypdf_button mypdf_button_jobs\" data-pdf=\"https:\/\/www.freymatic.com\/wp-content\/uploads\/2026\/02\/20260212-Servicetechnikerin.pdf\"><img decoding=\"async\" src=\"\/wp-content\/uploads\/2020\/08\/pdf_icon_weiss-1.svg\" alt=\"Stellenangebot als PDF herunterladen\" border=\"0\" \/> PDF-Download<\/button><\/div><\/li>\n<\/ul><\/div>\n\n","protected":false},"excerpt":{"rendered":"","protected":false},"author":1,"featured_media":0,"parent":0,"menu_order":0,"comment_status":"closed","ping_status":"closed","template":"","meta":{"inline_featured_image":false,"footnotes":""},"class_list":["post-971","page","type-page","status-publish","hentry"],"_links":{"self":[{"href":"https:\/\/www.freymatic.com\/de\/wp-json\/wp\/v2\/pages\/971"}],"collection":[{"href":"https:\/\/www.freymatic.com\/de\/wp-json\/wp\/v2\/pages"}],"about":[{"href":"https:\/\/www.freymatic.com\/de\/wp-json\/wp\/v2\/types\/page"}],"author":[{"embeddable":true,"href":"https:\/\/www.freymatic.com\/de\/wp-json\/wp\/v2\/users\/1"}],"replies":[{"embeddable":true,"href":"https:\/\/www.freymatic.com\/de\/wp-json\/wp\/v2\/comments?post=971"}],"version-history":[{"count":152,"href":"https:\/\/www.freymatic.com\/de\/wp-json\/wp\/v2\/pages\/971\/revisions"}],"predecessor-version":[{"id":3710,"href":"https:\/\/www.freymatic.com\/de\/wp-json\/wp\/v2\/pages\/971\/revisions\/3710"}],"wp:attachment":[{"href":"https:\/\/www.freymatic.com\/de\/wp-json\/wp\/v2\/media?parent=971"}],"curies":[{"name":"wp","href":"https:\/\/api.w.org\/{rel}","templated":true}]}}