{"id":3444,"date":"2025-03-21T08:58:04","date_gmt":"2025-03-21T07:58:04","guid":{"rendered":"https:\/\/www.freymatic.com\/?page_id=3444"},"modified":"2025-05-05T15:26:33","modified_gmt":"2025-05-05T14:26:33","slug":"betriebsmittel","status":"publish","type":"page","link":"https:\/\/www.freymatic.com\/de\/betriebsmittel\/","title":{"rendered":"Betriebsmittel"},"content":{"rendered":"<div id='av_section_1'  class='avia-section av-1kufejh-4de5881017f950244e5a08c22fb3399a footer_color avia-section-default avia-no-border-styling  avia-builder-el-0  el_before_av_section  avia-builder-el-first  page_intro avia-bg-style-scroll av-minimum-height av-minimum-height-50  container_wrap fullsize'   data-av_minimum_height_pc='50'><div class='container av-section-cont-open' ><main  role=\"main\" itemprop=\"mainContentOfPage\"  class='template-page content  av-content-full alpha units'><div class='post-entry post-entry-type-page post-entry-3444'><div class='entry-content-wrapper clearfix'>\n\n<style type=\"text\/css\" data-created_by=\"avia_inline_auto\" id=\"style-css-av-5hh499-20945c9d6aad0861a294417e71fa6e77\">\n.flex_column.av-5hh499-20945c9d6aad0861a294417e71fa6e77{\n-webkit-border-radius:0px 0px 0px 0px;\n-moz-border-radius:0px 0px 0px 0px;\nborder-radius:0px 0px 0px 0px;\n}\n<\/style>\n<div class='flex_column av-5hh499-20945c9d6aad0861a294417e71fa6e77 av_one_half  avia-builder-el-1  el_before_av_one_half  avia-builder-el-first  page_intro_title first flex_column_div av-animated-generic left-to-right av-zero-column-padding '     ><style type=\"text\/css\" data-created_by=\"avia_inline_auto\" id=\"style-css-av-m1ruwayq-8f6f68375db33ed1649c00380a63e9fd\">\n#top .av-special-heading.av-m1ruwayq-8f6f68375db33ed1649c00380a63e9fd{\npadding-bottom:10px;\n}\nbody .av-special-heading.av-m1ruwayq-8f6f68375db33ed1649c00380a63e9fd .av-special-heading-tag .heading-char{\nfont-size:25px;\n}\n.av-special-heading.av-m1ruwayq-8f6f68375db33ed1649c00380a63e9fd .av-subheading{\nfont-size:15px;\n}\n<\/style>\n<div  class='av-special-heading av-m1ruwayq-8f6f68375db33ed1649c00380a63e9fd av-special-heading-h1 blockquote modern-quote  avia-builder-el-2  avia-builder-el-no-sibling '><h1 class='av-special-heading-tag'  itemprop=\"headline\"  >BETRIEBSMITTEL<\/h1><div class=\"special-heading-border\"><div class=\"special-heading-inner-border\"><\/div><\/div><\/div><\/div>\n<style type=\"text\/css\" data-created_by=\"avia_inline_auto\" id=\"style-css-av-1hgmbvx-ec5fb4edb16b6f9675cbc0f3025ce8ea\">\n.flex_column.av-1hgmbvx-ec5fb4edb16b6f9675cbc0f3025ce8ea{\n-webkit-border-radius:0px 0px 0px 0px;\n-moz-border-radius:0px 0px 0px 0px;\nborder-radius:0px 0px 0px 0px;\n}\n<\/style>\n<div class='flex_column av-1hgmbvx-ec5fb4edb16b6f9675cbc0f3025ce8ea av_one_half  avia-builder-el-3  el_after_av_one_half  avia-builder-el-last  page_intro_text flex_column_div av-animated-generic fade-in av-zero-column-padding avia-full-stretch '     ><\/div>\n\n<\/div><\/div><\/main><!-- close content main element --><\/div><\/div><div id='av_section_2'  class='avia-section av-1gerdj1-29fc862dada5af3f0876463a4a6e3d9d main_color avia-section-large avia-no-border-styling  avia-builder-el-4  el_after_av_section  el_before_av_layout_row  avia-bg-style-scroll av-minimum-height av-minimum-height-50  container_wrap fullsize'   data-av_minimum_height_pc='50'><div class='container av-section-cont-open' ><div class='template-page content  av-content-full alpha units'><div class='post-entry post-entry-type-page post-entry-3444'><div class='entry-content-wrapper clearfix'>\n\n<style type=\"text\/css\" data-created_by=\"avia_inline_auto\" id=\"style-css-av-1eg85hp-daa6eae03b2b296b0fed1dd5ffe94e6f\">\n.flex_column.av-1eg85hp-daa6eae03b2b296b0fed1dd5ffe94e6f{\n-webkit-border-radius:0px 0px 0px 0px;\n-moz-border-radius:0px 0px 0px 0px;\nborder-radius:0px 0px 0px 0px;\n}\n<\/style>\n<div class='flex_column av-1eg85hp-daa6eae03b2b296b0fed1dd5ffe94e6f av_four_fifth  avia-builder-el-5  avia-builder-el-no-sibling  first flex_column_div av-zero-column-padding '     ><p>\n<style type=\"text\/css\" data-created_by=\"avia_inline_auto\" id=\"style-css-av-1d6tmwd-484b15881ee621e4d7c86fc244b62042\">\n#top .av-special-heading.av-1d6tmwd-484b15881ee621e4d7c86fc244b62042{\npadding-bottom:0px;\n}\nbody .av-special-heading.av-1d6tmwd-484b15881ee621e4d7c86fc244b62042 .av-special-heading-tag .heading-char{\nfont-size:25px;\n}\n.av-special-heading.av-1d6tmwd-484b15881ee621e4d7c86fc244b62042 .av-subheading{\nfont-size:15px;\n}\n<\/style>\n<div  class='av-special-heading av-1d6tmwd-484b15881ee621e4d7c86fc244b62042 av-special-heading-h1 blockquote modern-quote  avia-builder-el-6  el_before_av_textblock  avia-builder-el-first '><h1 class='av-special-heading-tag'  itemprop=\"headline\"  >Bauteilhandling in der Luft- und Raumfahrt\u00adindustrie<\/h1><div class=\"special-heading-border\"><div class=\"special-heading-inner-border\"><\/div><\/div><\/div><br \/>\n<section  class='av_textblock_section av-1bedodp-15a0a64f2e145ae883d3f9d57204f37b'  itemscope=\"itemscope\" itemtype=\"https:\/\/schema.org\/CreativeWork\" ><div class='avia_textblock'  itemprop=\"text\" ><p>FREYMATIC ist spezialisiert auf die Entwicklung und Realisierung von massgeschneiderten Betriebsmittel f\u00fcr das Bauteilhandling in der Luft- und Raumfahrtindustrie. Unsere innovativen L\u00f6sungen garantieren h\u00f6chste Sicherheit und benutzerfreundliche Handhabung, um Ihre Produktionsprozesse optimal zu unterst\u00fctzen.<\/p>\n<p>Vertrauen Sie auf unsere langj\u00e4hrige Erfahrung und unser technisches Know-How, um die Herausforderungen Ihrer Branche zu meistern. Mit FREYMATIC heben Sie Ihre Projekte auf ein neues Level \u2013 sicher, zuverl\u00e4ssig und effizient!<\/p>\n<p>Wir freuen uns auf Ihre <a href=\"https:\/\/www.freymatic.com\/de\/ueber-uns\/\">Kontaktaufnahme.<\/a><\/p>\n<\/div><\/section><\/p><\/div><\/div><\/div><\/div><!-- close content main div --><\/div><\/div><div id='messstation'  class='av-layout-grid-container av-m735plh1-e61c3e26bf035e86989d0dc7f6c015a8 entry-content-wrapper main_color av-flex-cells  avia-builder-el-8  el_after_av_section  el_before_av_hr  av-cell-min-height av-cell-min-height-80 grid-row-not-first  container_wrap fullsize'   data-av_minimum_height_pc='80'>\n\n<style type=\"text\/css\" data-created_by=\"avia_inline_auto\" id=\"style-css-av-m735ntzt-cf94a75a2b9e9af4dbd63a8a6c868d53\">\n.flex_cell.av-m735ntzt-cf94a75a2b9e9af4dbd63a8a6c868d53{\nvertical-align:middle;\npadding:0px 0px 0px 0px;\nbackground:url(https:\/\/www.freymatic.com\/wp-content\/uploads\/2025\/02\/messstation.png) 100% 50% no-repeat scroll ;\n}\n<\/style>\n<div class='flex_cell av-m735ntzt-cf94a75a2b9e9af4dbd63a8a6c868d53 av-gridrow-cell av_three_fifth no_margin  avia-builder-el-9  el_before_av_cell_two_fifth  avia-builder-el-first  av-zero-padding avia-full-stretch' ><div class='flex_cell_inner'><\/div><\/div>\n<style type=\"text\/css\" data-created_by=\"avia_inline_auto\" id=\"style-css-av-m735ygjr-ffc5fdaf63236bc53daae8f428e14a34\">\n.flex_cell.av-m735ygjr-ffc5fdaf63236bc53daae8f428e14a34{\nvertical-align:middle;\npadding:20px 20px 20px 20px;\n}\n<\/style>\n<div class='flex_cell av-m735ygjr-ffc5fdaf63236bc53daae8f428e14a34 av-gridrow-cell av_two_fifth no_margin  avia-builder-el-10  el_after_av_cell_three_fifth  avia-builder-el-last ' ><div class='flex_cell_inner'><p>\n<style type=\"text\/css\" data-created_by=\"avia_inline_auto\" id=\"style-css-av-m8rcl41k-66a5cf477bf2e75fe7710fc28f7238f7\">\n#top .av-special-heading.av-m8rcl41k-66a5cf477bf2e75fe7710fc28f7238f7{\npadding-bottom:10px;\n}\nbody .av-special-heading.av-m8rcl41k-66a5cf477bf2e75fe7710fc28f7238f7 .av-special-heading-tag .heading-char{\nfont-size:25px;\n}\n.av-special-heading.av-m8rcl41k-66a5cf477bf2e75fe7710fc28f7238f7 .av-subheading{\nfont-size:15px;\n}\n<\/style>\n<div  class='av-special-heading av-m8rcl41k-66a5cf477bf2e75fe7710fc28f7238f7 av-special-heading-h2 blockquote modern-quote  avia-builder-el-11  el_before_av_textblock  avia-builder-el-first '><h2 class='av-special-heading-tag'  itemprop=\"headline\"  >Messstation<\/h2><div class=\"special-heading-border\"><div class=\"special-heading-inner-border\"><\/div><\/div><\/div><br \/>\n<section  class='av_textblock_section av-m8rcnyrk-6f92f08bcda2396e89bbccf17d4cfa06'  itemscope=\"itemscope\" itemtype=\"https:\/\/schema.org\/CreativeWork\" ><div class='avia_textblock'  itemprop=\"text\" ><p>F\u00fcr die anspruchsvollen Anforderungen der Raumfahrtindustrie entwickelten wir eine massgeschneiderte Messstation f\u00fcr deren Bauteile:<\/p>\n<ul>\n<li>Rotierbar, schwenkbar und h\u00f6heneinstellbar<\/li>\n<li>Handbedienung \u2013 \u00dcberwachung in Anlagensteuerung<\/li>\n<li>CE Kennzeichnung als Teil der Anlage<\/li>\n<\/ul>\n<p><strong>Anteil FREYMATIC:<\/strong><\/p>\n<ul>\n<li>Entwicklung und Konstruktion<\/li>\n<li>Produktion<\/li>\n<li>Montage und Inbetriebnahme<\/li>\n<\/ul>\n<\/div><\/section><\/p>\n<\/div><\/div>\n<\/div><div id='after_grid_row_1'  class='main_color av_default_container_wrap container_wrap fullsize'  ><div class='container av-section-cont-open' ><div class='template-page content  av-content-full alpha units'><div class='post-entry post-entry-type-page post-entry-3444'><div class='entry-content-wrapper clearfix'><\/p>\n\n<style type=\"text\/css\" data-created_by=\"avia_inline_auto\" id=\"style-css-av-1042el9-680c7e8fab1f6f183fd9b60c6da84dbe\">\n#top .hr.hr-invisible.av-1042el9-680c7e8fab1f6f183fd9b60c6da84dbe{\nheight:50px;\n}\n<\/style>\n<div  class='hr av-1042el9-680c7e8fab1f6f183fd9b60c6da84dbe hr-invisible  avia-builder-el-13  el_after_av_layout_row  el_before_av_layout_row  avia-builder-el-no-sibling '><span class='hr-inner '><span class=\"hr-inner-style\"><\/span><\/span><\/div>\n<\/div><\/div><\/div><!-- close content main div --><\/div><\/div><div id='auffspannvorrichtung'  class='av-layout-grid-container av-m735vohy-aac65e000e0836177bdb30f546ef23b1 entry-content-wrapper main_color av-flex-cells  avia-builder-el-14  el_after_av_hr  el_before_av_hr  av-cell-min-height av-cell-min-height-80 grid-row-not-first  container_wrap fullsize'   data-av_minimum_height_pc='80'>\n\n<style type=\"text\/css\" data-created_by=\"avia_inline_auto\" id=\"style-css-av-m735qbz3-3ce725e1d04df17c547a0bdf1bef4c50\">\n.flex_cell.av-m735qbz3-3ce725e1d04df17c547a0bdf1bef4c50{\nvertical-align:middle;\npadding:20px 20px 20px 20px;\n}\n<\/style>\n<div class='flex_cell av-m735qbz3-3ce725e1d04df17c547a0bdf1bef4c50 av-gridrow-cell av_two_fifth no_margin  avia-builder-el-15  el_before_av_cell_three_fifth  avia-builder-el-first  avia-full-stretch' ><div class='flex_cell_inner'><p>\n<style type=\"text\/css\" data-created_by=\"avia_inline_auto\" id=\"style-css-av-sarqel-b11d1ee6a2454fbe2db9a53876c52958\">\n#top .av-special-heading.av-sarqel-b11d1ee6a2454fbe2db9a53876c52958{\npadding-bottom:10px;\n}\nbody .av-special-heading.av-sarqel-b11d1ee6a2454fbe2db9a53876c52958 .av-special-heading-tag .heading-char{\nfont-size:25px;\n}\n.av-special-heading.av-sarqel-b11d1ee6a2454fbe2db9a53876c52958 .av-subheading{\nfont-size:15px;\n}\n<\/style>\n<div  class='av-special-heading av-sarqel-b11d1ee6a2454fbe2db9a53876c52958 av-special-heading-h2 blockquote modern-quote  avia-builder-el-16  el_before_av_textblock  avia-builder-el-first '><h2 class='av-special-heading-tag'  itemprop=\"headline\"  >Transportwagen <span class='special_amp'>&amp;<\/span> Aufspann\u00advorrichtung<\/h2><div class=\"special-heading-border\"><div class=\"special-heading-inner-border\"><\/div><\/div><\/div><br \/>\n<section  class='av_textblock_section av-392r1w-37a8552b080844ef8cc6ef43136794f6'  itemscope=\"itemscope\" itemtype=\"https:\/\/schema.org\/CreativeWork\" ><div class='avia_textblock'  itemprop=\"text\" ><p>F\u00fcr die anspruchsvollen Anforderungen der MRO optimierten wir einen massgeschneiderten zweiteiligen Transportwagen:<\/p>\n<ul>\n<li>Oberer Rahmen aus A4 Chromstahl und PTFE\u2013Teilen f\u00fcr Einsatz in Laugenbad<\/li>\n<li>Wagen aus A2 Chromstahl f\u00fcr Korrosionsschutz durch Restlauge<\/li>\n<\/ul>\n<p><strong>Anteil FREYMATIC<\/strong>:<\/p>\n<ul>\n<li>Optimierung der Konstruktion<\/li>\n<li>Produktion<\/li>\n<li>Montage und Inbetriebnahme<\/li>\n<\/ul>\n<\/div><\/section><\/p>\n<\/div><\/div>\n<style type=\"text\/css\" data-created_by=\"avia_inline_auto\" id=\"style-css-av-m735r5dw-b19e263d699deba08e5b20c5efab9447\">\n.flex_cell.av-m735r5dw-b19e263d699deba08e5b20c5efab9447{\nvertical-align:middle;\npadding:0px 0px 0px 0px;\nbackground:url(https:\/\/www.freymatic.com\/wp-content\/uploads\/2024\/10\/fan-hub.jpg) 0% 50% no-repeat scroll ;\n}\n<\/style>\n<div class='flex_cell av-m735r5dw-b19e263d699deba08e5b20c5efab9447 av-gridrow-cell av_three_fifth no_margin  avia-builder-el-18  el_after_av_cell_two_fifth  avia-builder-el-last  av-zero-padding avia-full-stretch' ><div class='flex_cell_inner'><\/div><\/div>\n<\/div><div id='after_grid_row_2'  class='main_color av_default_container_wrap container_wrap fullsize'  ><div class='container av-section-cont-open' ><div class='template-page content  av-content-full alpha units'><div class='post-entry post-entry-type-page post-entry-3444'><div class='entry-content-wrapper clearfix'>\n\n<style type=\"text\/css\" data-created_by=\"avia_inline_auto\" id=\"style-css-av-nm1hkd-af8c96e52d20747064d7200a0e509eb8\">\n#top .hr.hr-invisible.av-nm1hkd-af8c96e52d20747064d7200a0e509eb8{\nheight:50px;\n}\n<\/style>\n<div  class='hr av-nm1hkd-af8c96e52d20747064d7200a0e509eb8 hr-invisible  avia-builder-el-19  el_after_av_layout_row  el_before_av_layout_row  avia-builder-el-no-sibling '><span class='hr-inner '><span class=\"hr-inner-style\"><\/span><\/span><\/div>\n<\/div><\/div><\/div><!-- close content main div --><\/div><\/div><div id='transportwagen'  class='av-layout-grid-container av-m735zqq4-e0b592d451b893439b0769337da9febf entry-content-wrapper main_color av-flex-cells  avia-builder-el-20  el_after_av_hr  el_before_av_hr  av-cell-min-height av-cell-min-height-80 grid-row-not-first  container_wrap fullsize'   data-av_minimum_height_pc='80'>\n\n<style type=\"text\/css\" data-created_by=\"avia_inline_auto\" id=\"style-css-av-m7360ed0-c3deae226be67fa38693bc1c020ecc4f\">\n.flex_cell.av-m7360ed0-c3deae226be67fa38693bc1c020ecc4f{\nvertical-align:middle;\npadding:0px 0px 0px 0px;\nbackground:url(https:\/\/www.freymatic.com\/wp-content\/uploads\/2025\/02\/Transportwagen-rechts.jpg) 100% 50% no-repeat scroll ;\n}\n<\/style>\n<div class='flex_cell av-m7360ed0-c3deae226be67fa38693bc1c020ecc4f av-gridrow-cell av_three_fifth no_margin  avia-builder-el-21  el_before_av_cell_two_fifth  avia-builder-el-first  av-zero-padding avia-full-stretch' ><div class='flex_cell_inner'><\/div><\/div>\n<style type=\"text\/css\" data-created_by=\"avia_inline_auto\" id=\"style-css-av-3k3hbo-fff1f4bea2591366f5e943b85ed61165\">\n.flex_cell.av-3k3hbo-fff1f4bea2591366f5e943b85ed61165{\nvertical-align:middle;\npadding:20px 20px 20px 20px;\n}\n<\/style>\n<div class='flex_cell av-3k3hbo-fff1f4bea2591366f5e943b85ed61165 av-gridrow-cell av_two_fifth no_margin  avia-builder-el-22  el_after_av_cell_three_fifth  avia-builder-el-last ' ><div class='flex_cell_inner'><p>\n<style type=\"text\/css\" data-created_by=\"avia_inline_auto\" id=\"style-css-av-funty5-2fd655146ba4ffed535bbe62206c5abd\">\n#top .av-special-heading.av-funty5-2fd655146ba4ffed535bbe62206c5abd{\npadding-bottom:10px;\n}\nbody .av-special-heading.av-funty5-2fd655146ba4ffed535bbe62206c5abd .av-special-heading-tag .heading-char{\nfont-size:25px;\n}\n.av-special-heading.av-funty5-2fd655146ba4ffed535bbe62206c5abd .av-subheading{\nfont-size:15px;\n}\n<\/style>\n<div  class='av-special-heading av-funty5-2fd655146ba4ffed535bbe62206c5abd av-special-heading-h2 blockquote modern-quote  avia-builder-el-23  el_before_av_textblock  avia-builder-el-first '><h2 class='av-special-heading-tag'  itemprop=\"headline\"  >Transportwagen<\/h2><div class=\"special-heading-border\"><div class=\"special-heading-inner-border\"><\/div><\/div><\/div><br \/>\n<section  class='av_textblock_section av-dw2ogt-fce21401386a80dc798e4006edcd9c9a'  itemscope=\"itemscope\" itemtype=\"https:\/\/schema.org\/CreativeWork\" ><div class='avia_textblock'  itemprop=\"text\" ><p>F\u00fcr die anspruchsvollen Anforderungen der MRO entwickelten wir einen massgeschneiderten Wagen f\u00fcr den sicheren Transport von Triebwerken:<\/p>\n<ul>\n<li>f\u00fcr 12t Belastung bei einem Eigengewicht von 1.5t<\/li>\n<\/ul>\n<p><strong>Anteil FREYMATIC<\/strong>:<\/p>\n<ul>\n<li>Entwicklung und Konstruktion<\/li>\n<li>Betreuung der FEM-Analyse<\/li>\n<li>Beschaffung der Bauteile<\/li>\n<li>interne Montage und Inbetriebnahme<\/li>\n<\/ul>\n<\/div><\/section><\/p>\n<\/div><\/div>\n<\/div><div id='after_grid_row_3'  class='main_color av_default_container_wrap container_wrap fullsize'  ><div class='container av-section-cont-open' ><div class='template-page content  av-content-full alpha units'><div class='post-entry post-entry-type-page post-entry-3444'><div class='entry-content-wrapper clearfix'>\n\n<style type=\"text\/css\" data-created_by=\"avia_inline_auto\" id=\"style-css-av-c2g2gd-2eb21ad59a1498ef1ffbefdc00a6d98b\">\n#top .hr.hr-invisible.av-c2g2gd-2eb21ad59a1498ef1ffbefdc00a6d98b{\nheight:50px;\n}\n<\/style>\n<div  class='hr av-c2g2gd-2eb21ad59a1498ef1ffbefdc00a6d98b hr-invisible  avia-builder-el-25  el_after_av_layout_row  el_before_av_layout_row  avia-builder-el-no-sibling '><span class='hr-inner '><span class=\"hr-inner-style\"><\/span><\/span><\/div>\n<\/div><\/div><\/div><!-- close content main div --><\/div><\/div><div id='schraubstock'  class='av-layout-grid-container av-m7362um0-7cdd72588395e798eb8dfaf2b15050d3 entry-content-wrapper main_color av-flex-cells  avia-builder-el-26  el_after_av_hr  el_before_av_hr  av-cell-min-height av-cell-min-height-80 grid-row-not-first  container_wrap fullsize'   data-av_minimum_height_pc='80'>\n\n<style type=\"text\/css\" data-created_by=\"avia_inline_auto\" id=\"style-css-av-381gbo-890c8560b38358a85ba9c7b7fdf9407b\">\n.flex_cell.av-381gbo-890c8560b38358a85ba9c7b7fdf9407b{\nvertical-align:middle;\npadding:20px 20px 20px 20px;\n}\n<\/style>\n<div class='flex_cell av-381gbo-890c8560b38358a85ba9c7b7fdf9407b av-gridrow-cell av_two_fifth no_margin  avia-builder-el-27  el_before_av_cell_three_fifth  avia-builder-el-first  avia-full-stretch' ><div class='flex_cell_inner'><p>\n<style type=\"text\/css\" data-created_by=\"avia_inline_auto\" id=\"style-css-av-6cjilp-d8ee63fd695133d5dcf5c7eda997915d\">\n#top .av-special-heading.av-6cjilp-d8ee63fd695133d5dcf5c7eda997915d{\npadding-bottom:10px;\n}\nbody .av-special-heading.av-6cjilp-d8ee63fd695133d5dcf5c7eda997915d .av-special-heading-tag .heading-char{\nfont-size:25px;\n}\n.av-special-heading.av-6cjilp-d8ee63fd695133d5dcf5c7eda997915d .av-subheading{\nfont-size:15px;\n}\n<\/style>\n<div  class='av-special-heading av-6cjilp-d8ee63fd695133d5dcf5c7eda997915d av-special-heading-h2 blockquote modern-quote  avia-builder-el-28  el_before_av_textblock  avia-builder-el-first '><h2 class='av-special-heading-tag'  itemprop=\"headline\"  >Mobiler Schraubstock<\/h2><div class=\"special-heading-border\"><div class=\"special-heading-inner-border\"><\/div><\/div><\/div><br \/>\n<section  class='av_textblock_section av-4jvml9-7dcc44f93a52a16bee134446b89b9cc9'  itemscope=\"itemscope\" itemtype=\"https:\/\/schema.org\/CreativeWork\" ><div class='avia_textblock'  itemprop=\"text\" ><p>F\u00fcr die anspruchsvollen Anforderungen der MRO entwickelten wir einen massgeschneiderten Wagen mit Schraubstock f\u00fcr Transport und<br \/>\nInspektion von Triebwerksteilen:<\/p>\n<ul>\n<li>Aufbocken des Wagens zwecks stabilem Stand auf beiden Seiten<\/li>\n<\/ul>\n<p><strong>Anteil FREYMATIC<\/strong>:<\/p>\n<ul>\n<li>Re-Engineering (Zoll auf SI inkl. Optimierungen)<\/li>\n<li>Beschaffung der Bauteile<\/li>\n<li>interne Montage und Inbetriebnahme<\/li>\n<\/ul>\n<\/div><\/section><\/p>\n<\/div><\/div>\n<style type=\"text\/css\" data-created_by=\"avia_inline_auto\" id=\"style-css-av-m7362k7f-c5bd2a53a4e3bf0cdd1fcf58abde0d52\">\n.flex_cell.av-m7362k7f-c5bd2a53a4e3bf0cdd1fcf58abde0d52{\nvertical-align:middle;\npadding:0px 0px 0px 0px;\nbackground:url(https:\/\/www.freymatic.com\/wp-content\/uploads\/2025\/02\/schraubstock.jpg) 0% 50% no-repeat scroll ;\n}\n<\/style>\n<div class='flex_cell av-m7362k7f-c5bd2a53a4e3bf0cdd1fcf58abde0d52 av-gridrow-cell av_three_fifth no_margin  avia-builder-el-30  el_after_av_cell_two_fifth  avia-builder-el-last  av-zero-padding avia-full-stretch' ><div class='flex_cell_inner'><\/div><\/div>\n<\/div><div id='after_grid_row_4'  class='main_color av_default_container_wrap container_wrap fullsize'  ><div class='container av-section-cont-open' ><div class='template-page content  av-content-full alpha units'><div class='post-entry post-entry-type-page post-entry-3444'><div class='entry-content-wrapper clearfix'>\n\n<style type=\"text\/css\" data-created_by=\"avia_inline_auto\" id=\"style-css-av-m8ihqb33-f401975d63b7f46a99543f94616390a0\">\n#top .hr.hr-invisible.av-m8ihqb33-f401975d63b7f46a99543f94616390a0{\nheight:25px;\n}\n<\/style>\n<div  class='hr av-m8ihqb33-f401975d63b7f46a99543f94616390a0 hr-invisible  avia-builder-el-31  el_after_av_layout_row  avia-builder-el-no-sibling '><span class='hr-inner '><span class=\"hr-inner-style\"><\/span><\/span><\/div>\n","protected":false},"excerpt":{"rendered":"","protected":false},"author":3,"featured_media":0,"parent":0,"menu_order":0,"comment_status":"closed","ping_status":"closed","template":"","meta":{"inline_featured_image":false,"footnotes":""},"class_list":["post-3444","page","type-page","status-publish","hentry"],"_links":{"self":[{"href":"https:\/\/www.freymatic.com\/de\/wp-json\/wp\/v2\/pages\/3444"}],"collection":[{"href":"https:\/\/www.freymatic.com\/de\/wp-json\/wp\/v2\/pages"}],"about":[{"href":"https:\/\/www.freymatic.com\/de\/wp-json\/wp\/v2\/types\/page"}],"author":[{"embeddable":true,"href":"https:\/\/www.freymatic.com\/de\/wp-json\/wp\/v2\/users\/3"}],"replies":[{"embeddable":true,"href":"https:\/\/www.freymatic.com\/de\/wp-json\/wp\/v2\/comments?post=3444"}],"version-history":[{"count":8,"href":"https:\/\/www.freymatic.com\/de\/wp-json\/wp\/v2\/pages\/3444\/revisions"}],"predecessor-version":[{"id":3639,"href":"https:\/\/www.freymatic.com\/de\/wp-json\/wp\/v2\/pages\/3444\/revisions\/3639"}],"wp:attachment":[{"href":"https:\/\/www.freymatic.com\/de\/wp-json\/wp\/v2\/media?parent=3444"}],"curies":[{"name":"wp","href":"https:\/\/api.w.org\/{rel}","templated":true}]}}