{"id":3268,"date":"2025-02-12T11:17:52","date_gmt":"2025-02-12T10:17:52","guid":{"rendered":"https:\/\/www.freymatic.com\/?page_id=3268"},"modified":"2025-05-05T13:44:00","modified_gmt":"2025-05-05T12:44:00","slug":"dienstleistungen","status":"publish","type":"page","link":"https:\/\/www.freymatic.com\/de\/dienstleistungen\/","title":{"rendered":"Dienstleistungen"},"content":{"rendered":"<div id='av_section_1'  class='avia-section av-1kufejh-4de5881017f950244e5a08c22fb3399a footer_color avia-section-default avia-no-border-styling  avia-builder-el-0  el_before_av_section  avia-builder-el-first  page_intro avia-bg-style-scroll av-minimum-height av-minimum-height-50  container_wrap fullsize'   data-av_minimum_height_pc='50'><div class='container av-section-cont-open' ><main  role=\"main\" itemprop=\"mainContentOfPage\"  class='template-page content  av-content-full alpha units'><div class='post-entry post-entry-type-page post-entry-3268'><div class='entry-content-wrapper clearfix'>\n\n<style type=\"text\/css\" data-created_by=\"avia_inline_auto\" id=\"style-css-av-5hh499-20945c9d6aad0861a294417e71fa6e77\">\n.flex_column.av-5hh499-20945c9d6aad0861a294417e71fa6e77{\n-webkit-border-radius:0px 0px 0px 0px;\n-moz-border-radius:0px 0px 0px 0px;\nborder-radius:0px 0px 0px 0px;\n}\n<\/style>\n<div class='flex_column av-5hh499-20945c9d6aad0861a294417e71fa6e77 av_one_half  avia-builder-el-1  el_before_av_one_half  avia-builder-el-first  page_intro_title first flex_column_div av-animated-generic left-to-right av-zero-column-padding '     ><style type=\"text\/css\" data-created_by=\"avia_inline_auto\" id=\"style-css-av-m1ruwayq-8918514babde698e9dc8b785f588a5dd\">\n#top .av-special-heading.av-m1ruwayq-8918514babde698e9dc8b785f588a5dd{\npadding-bottom:10px;\n}\nbody .av-special-heading.av-m1ruwayq-8918514babde698e9dc8b785f588a5dd .av-special-heading-tag .heading-char{\nfont-size:25px;\n}\n.av-special-heading.av-m1ruwayq-8918514babde698e9dc8b785f588a5dd .av-subheading{\nfont-size:15px;\n}\n<\/style>\n<div  class='av-special-heading av-m1ruwayq-8918514babde698e9dc8b785f588a5dd av-special-heading-h1 blockquote modern-quote  avia-builder-el-2  avia-builder-el-no-sibling '><h1 class='av-special-heading-tag'  itemprop=\"headline\"  >Dienstleistung<\/h1><div class=\"special-heading-border\"><div class=\"special-heading-inner-border\"><\/div><\/div><\/div><\/div>\n<style type=\"text\/css\" data-created_by=\"avia_inline_auto\" id=\"style-css-av-1hgmbvx-e7ee756b1bc417441b906069a641bb5a\">\n.flex_column.av-1hgmbvx-e7ee756b1bc417441b906069a641bb5a{\n-webkit-border-radius:0px 0px 0px 0px;\n-moz-border-radius:0px 0px 0px 0px;\nborder-radius:0px 0px 0px 0px;\n}\n<\/style>\n<div class='flex_column av-1hgmbvx-e7ee756b1bc417441b906069a641bb5a av_one_half  avia-builder-el-3  el_after_av_one_half  avia-builder-el-last  page_intro_text flex_column_div av-animated-generic fade-in av-zero-column-padding '     ><\/div>\n\n<\/div><\/div><\/main><!-- close content main element --><\/div><\/div><div id='av_section_2'  class='avia-section av-1gerdj1-29fc862dada5af3f0876463a4a6e3d9d main_color avia-section-large avia-no-border-styling  avia-builder-el-4  el_after_av_section  el_before_av_layout_row  avia-bg-style-scroll av-minimum-height av-minimum-height-50  container_wrap fullsize'   data-av_minimum_height_pc='50'><div class='container av-section-cont-open' ><div class='template-page content  av-content-full alpha units'><div class='post-entry post-entry-type-page post-entry-3268'><div class='entry-content-wrapper clearfix'>\n\n<style type=\"text\/css\" data-created_by=\"avia_inline_auto\" id=\"style-css-av-1eg85hp-daa6eae03b2b296b0fed1dd5ffe94e6f\">\n.flex_column.av-1eg85hp-daa6eae03b2b296b0fed1dd5ffe94e6f{\n-webkit-border-radius:0px 0px 0px 0px;\n-moz-border-radius:0px 0px 0px 0px;\nborder-radius:0px 0px 0px 0px;\n}\n<\/style>\n<div class='flex_column av-1eg85hp-daa6eae03b2b296b0fed1dd5ffe94e6f av_four_fifth  avia-builder-el-5  avia-builder-el-no-sibling  first flex_column_div av-zero-column-padding '     ><p>\n<style type=\"text\/css\" data-created_by=\"avia_inline_auto\" id=\"style-css-av-1d6tmwd-7e6d983f917311947c59b619ce4aebfb\">\n#top .av-special-heading.av-1d6tmwd-7e6d983f917311947c59b619ce4aebfb{\npadding-bottom:0px;\n}\nbody .av-special-heading.av-1d6tmwd-7e6d983f917311947c59b619ce4aebfb .av-special-heading-tag .heading-char{\nfont-size:25px;\n}\n.av-special-heading.av-1d6tmwd-7e6d983f917311947c59b619ce4aebfb .av-subheading{\nfont-size:15px;\n}\n<\/style>\n<div  class='av-special-heading av-1d6tmwd-7e6d983f917311947c59b619ce4aebfb av-special-heading-h1 blockquote modern-quote  avia-builder-el-6  el_before_av_textblock  avia-builder-el-first '><h1 class='av-special-heading-tag'  itemprop=\"headline\"  >Ihr Sonderwunsch ist unser Standard<\/h1><div class=\"special-heading-border\"><div class=\"special-heading-inner-border\"><\/div><\/div><\/div><br \/>\n<section  class='av_textblock_section av-1bedodp-15a0a64f2e145ae883d3f9d57204f37b'  itemscope=\"itemscope\" itemtype=\"https:\/\/schema.org\/CreativeWork\" ><div class='avia_textblock'  itemprop=\"text\" ><p>Das FREYMATIC Dienstleistungspaket setzt mit einer kompetenten Beratung am Anfang eines optimal ausgelegten Strahlprozesses ein.<\/p>\n<p>Neben der langj\u00e4hrigen Betreuung unserer eigenen roxor Anlagen bieten wir auch fachkundigen Service, Wartung und Nachr\u00fcstung f\u00fcr Baiker Strahlanlagen an. Gemeinsam stellen wir den langfristigen und effizienten Betrieb Ihrer Strahlanlage sicher!<\/p>\n<p>Wir freuen uns \u00fcber Ihre <a href=\"https:\/\/www.freymatic.com\/de\/ueber-uns\/\">Kontaktaufnahme<\/a>.<\/p>\n<\/div><\/section><\/p><\/div><\/div><\/div><\/div><!-- close content main div --><\/div><\/div><div id='prozessberatung'  class='av-layout-grid-container av-m735plh1-bc1f0eba557cb71701c4ed50b54b8bc6 entry-content-wrapper main_color av-flex-cells  avia-builder-el-8  el_after_av_section  el_before_av_hr  av-cell-min-height av-cell-min-height-80 grid-row-not-first  container_wrap fullsize'   data-av_minimum_height_pc='80'>\n\n<style type=\"text\/css\" data-created_by=\"avia_inline_auto\" id=\"style-css-av-m735ntzt-abc4b0271cd52a8f1b00259382bd0802\">\n.flex_cell.av-m735ntzt-abc4b0271cd52a8f1b00259382bd0802{\nvertical-align:middle;\npadding:0px 0px 0px 0px;\nbackground:url(https:\/\/www.freymatic.com\/wp-content\/uploads\/2025\/03\/DLProzess.jpg) 100% 50% no-repeat scroll ;\n}\n<\/style>\n<div class='flex_cell av-m735ntzt-abc4b0271cd52a8f1b00259382bd0802 av-gridrow-cell av_three_fifth no_margin  avia-builder-el-9  el_before_av_cell_two_fifth  avia-builder-el-first  av-zero-padding avia-full-stretch' ><div class='flex_cell_inner'><\/div><\/div>\n<style type=\"text\/css\" data-created_by=\"avia_inline_auto\" id=\"style-css-av-m735ygjr-ffc5fdaf63236bc53daae8f428e14a34\">\n.flex_cell.av-m735ygjr-ffc5fdaf63236bc53daae8f428e14a34{\nvertical-align:middle;\npadding:20px 20px 20px 20px;\n}\n<\/style>\n<div class='flex_cell av-m735ygjr-ffc5fdaf63236bc53daae8f428e14a34 av-gridrow-cell av_two_fifth no_margin  avia-builder-el-10  el_after_av_cell_three_fifth  avia-builder-el-last ' ><div class='flex_cell_inner'><p>\n<style type=\"text\/css\" data-created_by=\"avia_inline_auto\" id=\"style-css-av-m735m8uc-a20e3ff1eca7259e581227cdd6f46599\">\n#top .av-special-heading.av-m735m8uc-a20e3ff1eca7259e581227cdd6f46599{\npadding-bottom:0px;\n}\nbody .av-special-heading.av-m735m8uc-a20e3ff1eca7259e581227cdd6f46599 .av-special-heading-tag .heading-char{\nfont-size:25px;\n}\n.av-special-heading.av-m735m8uc-a20e3ff1eca7259e581227cdd6f46599 .av-subheading{\nfont-size:15px;\n}\n<\/style>\n<div  class='av-special-heading av-m735m8uc-a20e3ff1eca7259e581227cdd6f46599 av-special-heading-h2 blockquote modern-quote  avia-builder-el-11  el_before_av_textblock  avia-builder-el-first '><h2 class='av-special-heading-tag'  itemprop=\"headline\"  >Prozessberatung<\/h2><div class=\"special-heading-border\"><div class=\"special-heading-inner-border\"><\/div><\/div><\/div><br \/>\n<section  class='av_textblock_section av-m735meul-7fd9e344ada38093f86bd5d72363a549'  itemscope=\"itemscope\" itemtype=\"https:\/\/schema.org\/CreativeWork\" ><div class='avia_textblock'  itemprop=\"text\" ><section class=\"av_textblock_section \">FREYMATIC steht f\u00fcr kundenspezifische Anlagen, die sich nahtlos in die vor- und nachgelagerten Prozesse einf\u00fcgen. Die massgeschneiderten L\u00f6sungen zeichnen sich durch Bedienerfreundlichkeit und Zuverl\u00e4ssigkeit aus und werden in ihrer Funktion den h\u00f6chsten Qualit\u00e4tsanspr\u00fcchen gerecht. Je fr\u00fcher unsere technischen Berater in die Evaluierung einer neuen oder den Umbau einer bestehenden Strahlanlage eingebunden werden, desto gr\u00f6sser sind die Erfolgschancen bez\u00fcglich Funktionalit\u00e4t, Werkst\u00fcckhandling und Wirtschaftlichkeit.<\/section>\n<\/div><\/section><\/p>\n<\/div><\/div>\n<\/div><div id='after_grid_row_1'  class='main_color av_default_container_wrap container_wrap fullsize'  ><div class='container av-section-cont-open' ><div class='template-page content  av-content-full alpha units'><div class='post-entry post-entry-type-page post-entry-3268'><div class='entry-content-wrapper clearfix'><\/p>\n\n<style type=\"text\/css\" data-created_by=\"avia_inline_auto\" id=\"style-css-av-1042el9-680c7e8fab1f6f183fd9b60c6da84dbe\">\n#top .hr.hr-invisible.av-1042el9-680c7e8fab1f6f183fd9b60c6da84dbe{\nheight:50px;\n}\n<\/style>\n<div  class='hr av-1042el9-680c7e8fab1f6f183fd9b60c6da84dbe hr-invisible  avia-builder-el-13  el_after_av_layout_row  el_before_av_layout_row  avia-builder-el-no-sibling '><span class='hr-inner '><span class=\"hr-inner-style\"><\/span><\/span><\/div>\n<\/div><\/div><\/div><!-- close content main div --><\/div><\/div><div id='service-wartung'  class='av-layout-grid-container av-m735vohy-3cd33c1e80745b35ccb65421ff29f2fe entry-content-wrapper main_color av-flex-cells  avia-builder-el-14  el_after_av_hr  el_before_av_hr  av-cell-min-height av-cell-min-height-80 grid-row-not-first  container_wrap fullsize'   data-av_minimum_height_pc='80'>\n\n<style type=\"text\/css\" data-created_by=\"avia_inline_auto\" id=\"style-css-av-m735qbz3-3ce725e1d04df17c547a0bdf1bef4c50\">\n.flex_cell.av-m735qbz3-3ce725e1d04df17c547a0bdf1bef4c50{\nvertical-align:middle;\npadding:20px 20px 20px 20px;\n}\n<\/style>\n<div class='flex_cell av-m735qbz3-3ce725e1d04df17c547a0bdf1bef4c50 av-gridrow-cell av_two_fifth no_margin  avia-builder-el-15  el_before_av_cell_three_fifth  avia-builder-el-first  avia-full-stretch' ><div class='flex_cell_inner'><p>\n<style type=\"text\/css\" data-created_by=\"avia_inline_auto\" id=\"style-css-av-sarqel-11abc02c9e33fee81e3cc94a0aa4b4fe\">\n#top .av-special-heading.av-sarqel-11abc02c9e33fee81e3cc94a0aa4b4fe{\npadding-bottom:10px;\n}\nbody .av-special-heading.av-sarqel-11abc02c9e33fee81e3cc94a0aa4b4fe .av-special-heading-tag .heading-char{\nfont-size:25px;\n}\n.av-special-heading.av-sarqel-11abc02c9e33fee81e3cc94a0aa4b4fe .av-subheading{\nfont-size:15px;\n}\n<\/style>\n<div  class='av-special-heading av-sarqel-11abc02c9e33fee81e3cc94a0aa4b4fe av-special-heading-h2 blockquote modern-quote  avia-builder-el-16  el_before_av_textblock  avia-builder-el-first '><h2 class='av-special-heading-tag'  itemprop=\"headline\"  >Service und Wartung<\/h2><div class=\"special-heading-border\"><div class=\"special-heading-inner-border\"><\/div><\/div><\/div><br \/>\n<section  class='av_textblock_section av-ri7cst-9dd78eb7f415e9868c6778f0a17e1e4f'  itemscope=\"itemscope\" itemtype=\"https:\/\/schema.org\/CreativeWork\" ><div class='avia_textblock'  itemprop=\"text\" ><p>Unsere roxor Strahlanlagen werden in sicherheitsrelevanten Bereichen eingesetzt. Unser kompetentes Serviceteam f\u00fchrt f\u00fcr Sie die periodischen Wartungsarbeiten und vorschriftsm\u00e4ssigen Kalibrierungen durch oder hilft ihrem Wartungspersonal dabei. Bei ausserordentlichen St\u00f6rungen unterst\u00fctzen wir Sie mittels Fernwartung oder kurzfristig veranlassten Eins\u00e4tzen vor Ort. Wir bieten diesen Service ebenfalls f\u00fcr bereits im Einsatz stehende Baiker Anlagen an.<\/p>\n<p>Mit einem Wartungsvertrag sichern Sie sich den Werterhalt Ihrer Investition und profitieren dank der Hotline von einer 24h Interventionszeit.<\/p>\n<\/div><\/section><\/p>\n<\/div><\/div>\n<style type=\"text\/css\" data-created_by=\"avia_inline_auto\" id=\"style-css-av-m735r5dw-1c0276ae11f888958a29d0c7c66ae09a\">\n.flex_cell.av-m735r5dw-1c0276ae11f888958a29d0c7c66ae09a{\nvertical-align:middle;\npadding:0px 0px 0px 0px;\nbackground:url(https:\/\/www.freymatic.com\/wp-content\/uploads\/2025\/03\/roxor_dienstleistung_wartung-1.jpg) 0% 50% no-repeat scroll ;\n}\n<\/style>\n<div class='flex_cell av-m735r5dw-1c0276ae11f888958a29d0c7c66ae09a av-gridrow-cell av_three_fifth no_margin  avia-builder-el-18  el_after_av_cell_two_fifth  avia-builder-el-last  av-zero-padding avia-full-stretch' ><div class='flex_cell_inner'><\/div><\/div>\n<\/div><div id='after_grid_row_2'  class='main_color av_default_container_wrap container_wrap fullsize'  ><div class='container av-section-cont-open' ><div class='template-page content  av-content-full alpha units'><div class='post-entry post-entry-type-page post-entry-3268'><div class='entry-content-wrapper clearfix'>\n\n<style type=\"text\/css\" data-created_by=\"avia_inline_auto\" id=\"style-css-av-nm1hkd-af8c96e52d20747064d7200a0e509eb8\">\n#top .hr.hr-invisible.av-nm1hkd-af8c96e52d20747064d7200a0e509eb8{\nheight:50px;\n}\n<\/style>\n<div  class='hr av-nm1hkd-af8c96e52d20747064d7200a0e509eb8 hr-invisible  avia-builder-el-19  el_after_av_layout_row  el_before_av_layout_row  avia-builder-el-no-sibling '><span class='hr-inner '><span class=\"hr-inner-style\"><\/span><\/span><\/div>\n<\/div><\/div><\/div><!-- close content main div --><\/div><\/div><div id='nachruestung'  class='av-layout-grid-container av-m735zqq4-b238b4bab3f36401f8daa47c7103a174 entry-content-wrapper main_color av-flex-cells  avia-builder-el-20  el_after_av_hr  el_before_av_hr  av-cell-min-height av-cell-min-height-80 grid-row-not-first  container_wrap fullsize'   data-av_minimum_height_pc='80'>\n\n<style type=\"text\/css\" data-created_by=\"avia_inline_auto\" id=\"style-css-av-m7360ed0-e89b224fc27fddd9431891fcfc33c30a\">\n.flex_cell.av-m7360ed0-e89b224fc27fddd9431891fcfc33c30a{\nvertical-align:middle;\npadding:0px 0px 0px 0px;\nbackground:url(https:\/\/www.freymatic.com\/wp-content\/uploads\/2025\/03\/Nachruestung-2.jpg) 100% 50% no-repeat scroll ;\n}\n<\/style>\n<div class='flex_cell av-m7360ed0-e89b224fc27fddd9431891fcfc33c30a av-gridrow-cell av_three_fifth no_margin  avia-builder-el-21  el_before_av_cell_two_fifth  avia-builder-el-first  av-zero-padding avia-full-stretch' ><div class='flex_cell_inner'><\/div><\/div>\n<style type=\"text\/css\" data-created_by=\"avia_inline_auto\" id=\"style-css-av-3k3hbo-fff1f4bea2591366f5e943b85ed61165\">\n.flex_cell.av-3k3hbo-fff1f4bea2591366f5e943b85ed61165{\nvertical-align:middle;\npadding:20px 20px 20px 20px;\n}\n<\/style>\n<div class='flex_cell av-3k3hbo-fff1f4bea2591366f5e943b85ed61165 av-gridrow-cell av_two_fifth no_margin  avia-builder-el-22  el_after_av_cell_three_fifth  avia-builder-el-last ' ><div class='flex_cell_inner'><p>\n<style type=\"text\/css\" data-created_by=\"avia_inline_auto\" id=\"style-css-av-funty5-31af83ce52cce1ae5d404b5a560a82a6\">\n#top .av-special-heading.av-funty5-31af83ce52cce1ae5d404b5a560a82a6{\npadding-bottom:10px;\n}\nbody .av-special-heading.av-funty5-31af83ce52cce1ae5d404b5a560a82a6 .av-special-heading-tag .heading-char{\nfont-size:25px;\n}\n.av-special-heading.av-funty5-31af83ce52cce1ae5d404b5a560a82a6 .av-subheading{\nfont-size:15px;\n}\n<\/style>\n<div  class='av-special-heading av-funty5-31af83ce52cce1ae5d404b5a560a82a6 av-special-heading-h2 blockquote modern-quote  avia-builder-el-23  el_before_av_textblock  avia-builder-el-first '><h2 class='av-special-heading-tag'  itemprop=\"headline\"  >Nachr\u00fcstung<\/h2><div class=\"special-heading-border\"><div class=\"special-heading-inner-border\"><\/div><\/div><\/div><br \/>\n<section  class='av_textblock_section av-dw2ogt-fce21401386a80dc798e4006edcd9c9a'  itemscope=\"itemscope\" itemtype=\"https:\/\/schema.org\/CreativeWork\" ><div class='avia_textblock'  itemprop=\"text\" ><p>Ver\u00e4nderte Anwendungen werden durch eine Nachr\u00fcstung mit roxor Kernfunktionen aus dem Modulbaukasten erm\u00f6glicht. Sei es der Umbau auf die Verwendung eines neuen Strahlmittels, die Optimierung der Messung und Regelung oder beispielsweise auch ein Upgrade der Elektronik: Unsere L\u00f6sungen werden passgenau in die bestehende Strahlanlage eingef\u00fcgt und in die Steuerung eingebunden.<\/p>\n<p>Nachr\u00fcstungen sind auch auf bestehenden Baiker Anlagen und Druckstrahlmaschinen anderer Hersteller m\u00f6glich. Fragen Sie uns an, wir beraten Sie gerne!<\/p>\n<\/div><\/section><\/p>\n<\/div><\/div>\n<\/div><div id='after_grid_row_3'  class='main_color av_default_container_wrap container_wrap fullsize'  ><div class='container av-section-cont-open' ><div class='template-page content  av-content-full alpha units'><div class='post-entry post-entry-type-page post-entry-3268'><div class='entry-content-wrapper clearfix'>\n\n<style type=\"text\/css\" data-created_by=\"avia_inline_auto\" id=\"style-css-av-c2g2gd-2eb21ad59a1498ef1ffbefdc00a6d98b\">\n#top .hr.hr-invisible.av-c2g2gd-2eb21ad59a1498ef1ffbefdc00a6d98b{\nheight:50px;\n}\n<\/style>\n<div  class='hr av-c2g2gd-2eb21ad59a1498ef1ffbefdc00a6d98b hr-invisible  avia-builder-el-25  el_after_av_layout_row  el_before_av_layout_row  avia-builder-el-no-sibling '><span class='hr-inner '><span class=\"hr-inner-style\"><\/span><\/span><\/div>\n<\/div><\/div><\/div><!-- close content main div --><\/div><\/div><div id='ersatzteile'  class='av-layout-grid-container av-m7362um0-460035ef0edb681b87bca5bf5875eaed entry-content-wrapper main_color av-flex-cells  avia-builder-el-26  el_after_av_hr  el_before_av_hr  av-cell-min-height av-cell-min-height-80 grid-row-not-first  container_wrap fullsize'   data-av_minimum_height_pc='80'>\n\n<style type=\"text\/css\" data-created_by=\"avia_inline_auto\" id=\"style-css-av-381gbo-890c8560b38358a85ba9c7b7fdf9407b\">\n.flex_cell.av-381gbo-890c8560b38358a85ba9c7b7fdf9407b{\nvertical-align:middle;\npadding:20px 20px 20px 20px;\n}\n<\/style>\n<div class='flex_cell av-381gbo-890c8560b38358a85ba9c7b7fdf9407b av-gridrow-cell av_two_fifth no_margin  avia-builder-el-27  el_before_av_cell_three_fifth  avia-builder-el-first  avia-full-stretch' ><div class='flex_cell_inner'><p>\n<style type=\"text\/css\" data-created_by=\"avia_inline_auto\" id=\"style-css-av-6cjilp-ab33609ff63c8be214b14b93aef412a1\">\n#top .av-special-heading.av-6cjilp-ab33609ff63c8be214b14b93aef412a1{\npadding-bottom:10px;\n}\nbody .av-special-heading.av-6cjilp-ab33609ff63c8be214b14b93aef412a1 .av-special-heading-tag .heading-char{\nfont-size:25px;\n}\n.av-special-heading.av-6cjilp-ab33609ff63c8be214b14b93aef412a1 .av-subheading{\nfont-size:15px;\n}\n<\/style>\n<div  class='av-special-heading av-6cjilp-ab33609ff63c8be214b14b93aef412a1 av-special-heading-h2 blockquote modern-quote  avia-builder-el-28  el_before_av_textblock  avia-builder-el-first '><h2 class='av-special-heading-tag'  itemprop=\"headline\"  >Ersatzteile<\/h2><div class=\"special-heading-border\"><div class=\"special-heading-inner-border\"><\/div><\/div><\/div><br \/>\n<section  class='av_textblock_section av-4jvml9-7dcc44f93a52a16bee134446b89b9cc9'  itemscope=\"itemscope\" itemtype=\"https:\/\/schema.org\/CreativeWork\" ><div class='avia_textblock'  itemprop=\"text\" ><p><span class=\"st\">Eine gute Ersatzteilversorgung ist die Grundlage f\u00fcr eine hohe Anlagenverf\u00fcgbarkeit und damit f\u00fcr eine wirtschaftliche Produktion. Unser Ersatzteildienst stellt die Lieferung von Originalersatzteilen in k\u00fcrzester Zeit sicher.<\/span><\/p>\n<p>Gerne liefern wir auch Ersatz- und Verschleissteile f\u00fcr schon seit Jahren im Einsatz stehende Maschinen und finden L\u00f6sungen bei nicht mehr erh\u00e4ltlichen Artikeln.<\/p>\n<\/div><\/section><\/p>\n<\/div><\/div>\n<style type=\"text\/css\" data-created_by=\"avia_inline_auto\" id=\"style-css-av-m7362k7f-2d3ee226559d880f0032fef99fa57788\">\n.flex_cell.av-m7362k7f-2d3ee226559d880f0032fef99fa57788{\nvertical-align:middle;\npadding:0px 0px 0px 0px;\nbackground:url(https:\/\/www.freymatic.com\/wp-content\/uploads\/2025\/03\/Ersatzteil-roxor-rfd.jpg) 0% 50% no-repeat scroll ;\n}\n<\/style>\n<div class='flex_cell av-m7362k7f-2d3ee226559d880f0032fef99fa57788 av-gridrow-cell av_three_fifth no_margin  avia-builder-el-30  el_after_av_cell_two_fifth  avia-builder-el-last  av-zero-padding avia-full-stretch' ><div class='flex_cell_inner'><\/div><\/div>\n<\/div><div id='after_grid_row_4'  class='main_color av_default_container_wrap container_wrap fullsize'  ><div class='container av-section-cont-open' ><div class='template-page content  av-content-full alpha units'><div class='post-entry post-entry-type-page post-entry-3268'><div class='entry-content-wrapper clearfix'>\n\n<style type=\"text\/css\" data-created_by=\"avia_inline_auto\" id=\"style-css-av-m8ihpi58-82df30c961776b2dba5dafd1c8a11f6d\">\n#top .hr.hr-invisible.av-m8ihpi58-82df30c961776b2dba5dafd1c8a11f6d{\nheight:25px;\n}\n<\/style>\n<div  class='hr av-m8ihpi58-82df30c961776b2dba5dafd1c8a11f6d hr-invisible  avia-builder-el-31  el_after_av_layout_row  avia-builder-el-no-sibling '><span class='hr-inner '><span class=\"hr-inner-style\"><\/span><\/span><\/div>\n","protected":false},"excerpt":{"rendered":"","protected":false},"author":3,"featured_media":0,"parent":0,"menu_order":0,"comment_status":"closed","ping_status":"closed","template":"","meta":{"inline_featured_image":false,"footnotes":""},"class_list":["post-3268","page","type-page","status-publish","hentry"],"_links":{"self":[{"href":"https:\/\/www.freymatic.com\/de\/wp-json\/wp\/v2\/pages\/3268"}],"collection":[{"href":"https:\/\/www.freymatic.com\/de\/wp-json\/wp\/v2\/pages"}],"about":[{"href":"https:\/\/www.freymatic.com\/de\/wp-json\/wp\/v2\/types\/page"}],"author":[{"embeddable":true,"href":"https:\/\/www.freymatic.com\/de\/wp-json\/wp\/v2\/users\/3"}],"replies":[{"embeddable":true,"href":"https:\/\/www.freymatic.com\/de\/wp-json\/wp\/v2\/comments?post=3268"}],"version-history":[{"count":14,"href":"https:\/\/www.freymatic.com\/de\/wp-json\/wp\/v2\/pages\/3268\/revisions"}],"predecessor-version":[{"id":3637,"href":"https:\/\/www.freymatic.com\/de\/wp-json\/wp\/v2\/pages\/3268\/revisions\/3637"}],"wp:attachment":[{"href":"https:\/\/www.freymatic.com\/de\/wp-json\/wp\/v2\/media?parent=3268"}],"curies":[{"name":"wp","href":"https:\/\/api.w.org\/{rel}","templated":true}]}}