{"id":3199,"date":"2025-02-11T14:39:13","date_gmt":"2025-02-11T13:39:13","guid":{"rendered":"https:\/\/www.freymatic.com\/?page_id=3199"},"modified":"2026-03-31T16:53:29","modified_gmt":"2026-03-31T15:53:29","slug":"home","status":"publish","type":"page","link":"https:\/\/www.freymatic.com\/de\/","title":{"rendered":"Home"},"content":{"rendered":"<div id='avia-messagebox' class='avia_message_box'><span class='avia_message_box_title' >offene Stellen<\/span><div class='avia_message_box_content' ><br \/>\nWir suchen Unterst\u00fctzung um Gross zu bauen: Servicetechniker:in<br \/>\n<\/div><a class='with_arrow' href='https:\/\/www.freymatic.com\/de\/jobs\/'><em><strong>Jobs<\/strong><\/em><img class='arrow alignnone size-full wp-image-54' role='img' src='\/wp-content\/uploads\/2020\/03\/pfeil.svg' alt='' width='50' height='30' \/><\/a><\/div>\n<\/div><\/div><\/div><!-- close content main div --><\/div><\/div><div   class='avia-fullscreen-slider main_color   avia-builder-el-1  el_after_av_news  el_before_av_section  slider-not-first container_wrap fullsize'  ><a href='#next-section' title='' class='scroll-down-link av-control-default' aria-hidden='true' data-av_icon='\ue877' data-av_iconfont='entypo-fontello'><\/a><div  class='avia-slideshow av-k7n1ydpq-1dfdc55af88ee0052e33a8c2a7d65cd0 avia-slideshow-large av_fullscreen avia-slide-slider av-slideshow-ui av-control-default av-slideshow-manual av-loop-once av-loop-manual-endless av-slider-scroll-down-active   avia-slideshow-1' data-slideshow-options=\"{&quot;animation&quot;:&quot;slide&quot;,&quot;autoplay&quot;:false,&quot;loop_autoplay&quot;:&quot;once&quot;,&quot;interval&quot;:5,&quot;loop_manual&quot;:&quot;manual-endless&quot;,&quot;autoplay_stopper&quot;:false,&quot;noNavigation&quot;:false,&quot;bg_slider&quot;:true,&quot;keep_padding&quot;:false,&quot;hoverpause&quot;:false,&quot;show_slide_delay&quot;:0,&quot;slide_height&quot;:&quot;100&quot;,&quot;image_attachment&quot;:&quot;&quot;}\"  itemprop=\"image\" itemscope=\"itemscope\" itemtype=\"https:\/\/schema.org\/ImageObject\" ><ul class='avia-slideshow-inner ' ><li  data-controls='aviaTBaviaTBvideo_controls' data-mute='aviaTBaviaTBvideo_mute' data-loop='' data-disable-autoplay=''  data-mobile-img='https:\/\/www.freymatic.com\/wp-content\/uploads\/2020\/07\/freymatic_titelbild_start-1030x579.jpg' data-fallback-link='https:\/\/' class='avia-slideshow-slide av-k7n1ydpq-1dfdc55af88ee0052e33a8c2a7d65cd0__0  av-video-slide av-element-cover av-video-service-html5  av-hide-video-controls av-mute-video av-mobile-fallback-image  av-single-slide slide-1 slide-odd'><div data-rel='slideshow-1' class='avia-slide-wrap ' style='background-image:url(\"https:\/\/www.freymatic.com\/wp-content\/uploads\/2020\/07\/freymatic_titelbild_start-1030x579.jpg\");'   itemprop=\"video\" itemtype=\"https:\/\/schema.org\/VideoObject\" ><div class='av-slideshow-caption av-k7n1ydpq-1dfdc55af88ee0052e33a8c2a7d65cd0__0 caption_fullwidth caption_left'><div class=\"container caption_container\"><div class=\"slideshow_caption\"><div class=\"slideshow_inner_caption\"><div class=\"slideshow_align_caption\"><h2 class='avia-caption-title '  itemprop=\"name\" ><span class=\"first_title_start\">Schweizer <\/span><br \/>\n<span class=\"second_title_start\">Pr\u00e4zisionsl\u00f6sungen<\/span><\/h2><\/div><\/div><\/div><\/div><\/div><div class='av-click-overlay'><\/div><video class='avia_video' poster=\"https:\/\/www.freymatic.com\/wp-content\/uploads\/2020\/07\/freymatic_titelbild_start-1030x579.jpg\" autoplay playsinline  preload=\"auto\" muted  id='player_3199_86417019_214377564'><source src=\"\/wp-content\/uploads\/2024\/10\/240927_freymatic_titel_home.mp4\" type=\"video\/mp4\" \/><\/video><div class=\"av-click-to-play-overlay\"><div class=\"avia_playpause_icon\"><\/div><\/div><\/div><\/li><\/ul><\/div><\/div>\n<div id='willkommen'  class='avia-section av-k7n4cjxr-b2e95e7200f409849d56e442ec38a7e9 main_color avia-section-large avia-no-border-styling  avia-builder-el-2  el_after_av_fullscreen  el_before_av_layout_row  avia-bg-style-scroll av-minimum-height av-minimum-height-50  container_wrap fullsize'   data-av_minimum_height_pc='50'><div class='container av-section-cont-open' ><div class='template-page content  av-content-full alpha units'><div class='post-entry post-entry-type-page post-entry-3199'><div class='entry-content-wrapper clearfix'>\n<div class='flex_column av-5tjktr-80234023609437a5a8b424f2ccc693c5 av_two_third  avia-builder-el-3  avia-builder-el-no-sibling  first flex_column_div '     ><p>\n<style type=\"text\/css\" data-created_by=\"avia_inline_auto\" id=\"style-css-av-10loi-0417f7382f469ff6c89cf9be39e9b821\">\n#top .av-special-heading.av-10loi-0417f7382f469ff6c89cf9be39e9b821{\npadding-bottom:0px;\n}\nbody .av-special-heading.av-10loi-0417f7382f469ff6c89cf9be39e9b821 .av-special-heading-tag .heading-char{\nfont-size:25px;\n}\n.av-special-heading.av-10loi-0417f7382f469ff6c89cf9be39e9b821 .av-subheading{\nfont-size:15px;\n}\n<\/style>\n<div  class='av-special-heading av-10loi-0417f7382f469ff6c89cf9be39e9b821 av-special-heading-h1 blockquote modern-quote  avia-builder-el-4  el_before_av_textblock  avia-builder-el-first '><h1 class='av-special-heading-tag'  itemprop=\"headline\"  >Willkommen bei FREYMATIC &#8211; Ihrem Partner f\u00fcr innovative Automatisierungs\u00adl\u00f6sungen<\/h1><div class=\"special-heading-border\"><div class=\"special-heading-inner-border\"><\/div><\/div><\/div><br \/>\n<section  class='av_textblock_section av-k7n4bav4-de50763d6938bc3ad922150b1668d817'  itemscope=\"itemscope\" itemtype=\"https:\/\/schema.org\/CreativeWork\" ><div class='avia_textblock'  itemprop=\"text\" ><p>Als f\u00fchrendes Unternehmen bieten wir massgeschneiderte High-End Strahlanlagen, die f\u00fcr die Oberfl\u00e4chenbehandlung hochbelastbarer Bauteile konzipiert sind.<\/p>\n<p>Unsere Anlagen und Betriebsmittel zeichnen sich durch einen hohen Automatisierunsgrad aus und sind exakt auf die spezifischen Anforderungen unserer Kunden zugeschnitten.<\/p>\n<\/div><\/section><\/p><\/div>\n\n<\/div><\/div><\/div><!-- close content main div --><\/div><\/div><div id='strahltechnik'  class='av-layout-grid-container av-23gai-11-69259d587c93dc8a82e2dfb3caee3f2f entry-content-wrapper main_color av-flex-cells  avia-builder-el-6  el_after_av_section  el_before_av_hr  av-cell-min-height av-cell-min-height-80 grid-row-not-first  container_wrap fullsize'   data-av_minimum_height_pc='80'>\n\n<style type=\"text\/css\" data-created_by=\"avia_inline_auto\" id=\"style-css-av-k7n4figx-10-fc6f1c7e8a263d9a49f4e08de1abdd79\">\n.flex_cell.av-k7n4figx-10-fc6f1c7e8a263d9a49f4e08de1abdd79{\nvertical-align:middle;\npadding:0px 0px 0px 0px;\nbackground:url(https:\/\/www.freymatic.com\/wp-content\/uploads\/2025\/02\/strahltechnick.png) 100% 50% no-repeat scroll ;\n}\n<\/style>\n<div class='flex_cell av-k7n4figx-10-fc6f1c7e8a263d9a49f4e08de1abdd79 av-gridrow-cell av_three_fifth no_margin  avia-builder-el-7  el_before_av_cell_two_fifth  avia-builder-el-first  av-zero-padding avia-full-stretch' ><div class='flex_cell_inner'><\/div><\/div>\n<style type=\"text\/css\" data-created_by=\"avia_inline_auto\" id=\"style-css-av-1hb82-9-007491d17938ccb12b7e6fe23f610552\">\n.flex_cell.av-1hb82-9-007491d17938ccb12b7e6fe23f610552{\nvertical-align:middle;\npadding:20px 80px 20px 20px;\n}\n<\/style>\n<div class='flex_cell av-1hb82-9-007491d17938ccb12b7e6fe23f610552 av-gridrow-cell av_two_fifth no_margin  avia-builder-el-8  el_after_av_cell_three_fifth  avia-builder-el-last ' ><div class='flex_cell_inner'><p>\n<style type=\"text\/css\" data-created_by=\"avia_inline_auto\" id=\"style-css-av-keic4woe-369076a14091eeffaf5cbdcc9e7ef717\">\n#top .av-special-heading.av-keic4woe-369076a14091eeffaf5cbdcc9e7ef717{\npadding-bottom:0px;\n}\nbody .av-special-heading.av-keic4woe-369076a14091eeffaf5cbdcc9e7ef717 .av-special-heading-tag .heading-char{\nfont-size:25px;\n}\n.av-special-heading.av-keic4woe-369076a14091eeffaf5cbdcc9e7ef717 .av-subheading{\nfont-size:15px;\n}\n<\/style>\n<div  class='av-special-heading av-keic4woe-369076a14091eeffaf5cbdcc9e7ef717 av-special-heading-h2 blockquote modern-quote  avia-builder-el-9  el_before_av_textblock  avia-builder-el-first '><h2 class='av-special-heading-tag'  itemprop=\"headline\"  >Strahltechnik<\/h2><div class=\"special-heading-border\"><div class=\"special-heading-inner-border\"><\/div><\/div><\/div><br \/>\n<section  class='av_textblock_section av-k7n4bav4-19-ba0f449acff5b00dd27281842d9178b8'  itemscope=\"itemscope\" itemtype=\"https:\/\/schema.org\/CreativeWork\" ><div class='avia_textblock'  itemprop=\"text\" ><section class=\"av_textblock_section \">\n<p data-start=\"34\" data-end=\"450\">roxor ist der Markenname unserer Strahlanlagen, die speziell f\u00fcr das Pr\u00e4zisionsstrahlen hochwertiger Bauteile entwickelt wurden. Sie \u00fcberzeugen durch Langlebigkeit, minimalen Wartungsaufwand und hohe Benutzerfreundlichkeit. Damit erf\u00fcllen sie h\u00f6chste Anforderungen \u2013 insbesondere in der Luft- und Raumfahrt. Dank dieser Qualit\u00e4t setzen f\u00fchrende Unternehmen der Aviatik-Branche seit Jahrzehnten auf unsere L\u00f6sungen.<\/p>\n<p data-start=\"452\" data-end=\"601\" data-is-last-node=\"\">Teilen Sie uns Ihre Anforderungen mit \u2013 mit unserer Erfahrung und Leidenschaft entwickeln wir die perfekte L\u00f6sung f\u00fcr Ihre individuellen Bed\u00fcrfnisse!<a class=\"with_arrow\" href=\"https:\/\/roxor.ch\/de\"><br \/>\n<img loading=\"lazy\" decoding=\"async\" style=\"vertical-align: middle\" src=\"\/wp-content\/uploads\/2025\/02\/roxor_logo_web-1.svg\" alt=\"Logo\" width=\"100\" height=\"60\" \/><img loading=\"lazy\" decoding=\"async\" class=\"arrow alignnone size-full wp-image-54\" style=\"vertical-align: middle\" role=\"img\" src=\"\/wp-content\/uploads\/sites\/4\/2020\/03\/pfeil.svg\" alt=\"\" width=\"50\" height=\"30\" \/><br \/>\n<\/a><\/p>\n<div class=\"avia_textblock \"><\/div>\n<\/section>\n<\/div><\/section><\/p>\n<\/div><\/div>\n<\/div><div id='after_grid_row_1'  class='main_color av_default_container_wrap container_wrap fullsize'  ><div class='container av-section-cont-open' ><div class='template-page content  av-content-full alpha units'><div class='post-entry post-entry-type-page post-entry-3199'><div class='entry-content-wrapper clearfix'>\n\n<style type=\"text\/css\" data-created_by=\"avia_inline_auto\" id=\"style-css-av-k7uet5y7-84f32112072ecf5e50b03eefa647e39f\">\n#top .hr.hr-invisible.av-k7uet5y7-84f32112072ecf5e50b03eefa647e39f{\nheight:50px;\n}\n<\/style>\n<div  class='hr av-k7uet5y7-84f32112072ecf5e50b03eefa647e39f hr-invisible  avia-builder-el-11  el_after_av_layout_row  el_before_av_layout_row  avia-builder-el-no-sibling '><span class='hr-inner '><span class=\"hr-inner-style\"><\/span><\/span><\/div>\n<\/div><\/div><\/div><!-- close content main div --><\/div><\/div><div id='betriebsmittel'  class='av-layout-grid-container av-23gai-18-69d9caf83661294f662e23e7ae4c3e0d entry-content-wrapper main_color av-flex-cells  avia-builder-el-12  el_after_av_hr  el_before_av_hr  av-cell-min-height av-cell-min-height-80 grid-row-not-first  container_wrap fullsize'   data-av_minimum_height_pc='80'>\n\n<style type=\"text\/css\" data-created_by=\"avia_inline_auto\" id=\"style-css-av-k7n4figx-17-11c21c8480f116dc0c22dbd087d7c9a0\">\n.flex_cell.av-k7n4figx-17-11c21c8480f116dc0c22dbd087d7c9a0{\nvertical-align:middle;\npadding:20px 20px 20px 80px;\n}\n<\/style>\n<div class='flex_cell av-k7n4figx-17-11c21c8480f116dc0c22dbd087d7c9a0 av-gridrow-cell av_two_fifth no_margin  avia-builder-el-13  el_before_av_cell_three_fifth  avia-builder-el-first ' ><div class='flex_cell_inner'><p>\n<style type=\"text\/css\" data-created_by=\"avia_inline_auto\" id=\"style-css-av-keic4th1-5ad69cb057d8b35523933155108f4b68\">\n#top .av-special-heading.av-keic4th1-5ad69cb057d8b35523933155108f4b68{\npadding-bottom:10px;\n}\nbody .av-special-heading.av-keic4th1-5ad69cb057d8b35523933155108f4b68 .av-special-heading-tag .heading-char{\nfont-size:25px;\n}\n.av-special-heading.av-keic4th1-5ad69cb057d8b35523933155108f4b68 .av-subheading{\nfont-size:15px;\n}\n<\/style>\n<div  class='av-special-heading av-keic4th1-5ad69cb057d8b35523933155108f4b68 av-special-heading-h2 blockquote modern-quote  avia-builder-el-14  el_before_av_textblock  avia-builder-el-first '><h2 class='av-special-heading-tag'  itemprop=\"headline\"  >Betriebsmittel<\/h2><div class=\"special-heading-border\"><div class=\"special-heading-inner-border\"><\/div><\/div><\/div><br \/>\n<section  class='av_textblock_section av-k7n49ezi-13-49072aa5f7a6750f98a8582dfe5396e6'  itemscope=\"itemscope\" itemtype=\"https:\/\/schema.org\/CreativeWork\" ><div class='avia_textblock'  itemprop=\"text\" ><p data-start=\"70\" data-end=\"343\">Ein weiteres Spezialgebiet ist die Entwicklung massgeschneiderter Betriebsmittel und Vorrichtungen f\u00fcr das Bauteilhandling. Unsere innovativen L\u00f6sungen bieten h\u00f6chste Sicherheit und benutzerfreundliche Bedienbarkeit, um Ihre Produktionsprozesse effizient zu unterst\u00fctzen.<\/p>\n<p data-start=\"345\" data-end=\"577\" data-is-last-node=\"\">Vertrauen Sie auf unsere langj\u00e4hrige Erfahrung und unser technisches Know-how, um die Herausforderungen Ihrer Branche souver\u00e4n zu meistern. Mit uns bringen Sie Ihre Projekte auf das n\u00e4chste Level \u2013 sicher, zuverl\u00e4ssig und effizient.<\/p>\n<p><a class=\"with_arrow\" href=\"\/de\/betriebsmittel\/\"><em><strong>Betriebsmittel<\/strong><\/em><img loading=\"lazy\" decoding=\"async\" class=\"arrow alignnone size-full wp-image-54\" role=\"img\" src=\"\/wp-content\/uploads\/sites\/4\/2020\/03\/pfeil.svg\" alt=\"\" width=\"50\" height=\"30\" \/><\/a><\/p>\n<\/div><\/section><\/p>\n<\/div><\/div>\n<style type=\"text\/css\" data-created_by=\"avia_inline_auto\" id=\"style-css-av-1hb82-15-34e40373a293bf4e88c44701bf1bd573\">\n.flex_cell.av-1hb82-15-34e40373a293bf4e88c44701bf1bd573{\nvertical-align:middle;\npadding:0px 0px 0px 0px;\nbackground:url(https:\/\/www.freymatic.com\/wp-content\/uploads\/2025\/02\/Transportwagen-links-1.jpg) 0% 50% no-repeat scroll ;\n}\n<\/style>\n<div class='flex_cell av-1hb82-15-34e40373a293bf4e88c44701bf1bd573 av-gridrow-cell av_three_fifth no_margin  avia-builder-el-16  el_after_av_cell_two_fifth  avia-builder-el-last  av-zero-padding avia-full-stretch' ><div class='flex_cell_inner'><\/div><\/div>\n<\/div><div id='after_grid_row_2'  class='main_color av_default_container_wrap container_wrap fullsize'  ><div class='container av-section-cont-open' ><div class='template-page content  av-content-full alpha units'><div class='post-entry post-entry-type-page post-entry-3199'><div class='entry-content-wrapper clearfix'>\n\n<style type=\"text\/css\" data-created_by=\"avia_inline_auto\" id=\"style-css-av-1c2y-a877ca880976afe6acd012c78784a682\">\n#top .hr.hr-invisible.av-1c2y-a877ca880976afe6acd012c78784a682{\nheight:50px;\n}\n<\/style>\n<div  class='hr av-1c2y-a877ca880976afe6acd012c78784a682 hr-invisible  avia-builder-el-17  el_after_av_layout_row  el_before_av_layout_row  avia-builder-el-no-sibling '><span class='hr-inner '><span class=\"hr-inner-style\"><\/span><\/span><\/div>\n<\/div><\/div><\/div><!-- close content main div --><\/div><\/div><div id='dienstleistungen'  class='av-layout-grid-container av-m71q5gca-f2ead7c876bcb518039c49ffcc5a906c entry-content-wrapper main_color av-flex-cells  avia-builder-el-18  el_after_av_hr  el_before_av_hr  av-cell-min-height av-cell-min-height-80 grid-row-not-first  container_wrap fullsize'   data-av_minimum_height_pc='80'>\n\n<style type=\"text\/css\" data-created_by=\"avia_inline_auto\" id=\"style-css-av-e7ma0v-ce04ec4e51520bfa84be358d2a63241c\">\n.flex_cell.av-e7ma0v-ce04ec4e51520bfa84be358d2a63241c{\nvertical-align:middle;\npadding:0px 0px 0px 0px;\nbackground:url(https:\/\/www.freymatic.com\/wp-content\/uploads\/2025\/02\/dienstleistung-1.jpg) 100% 50% no-repeat scroll ;\n}\n<\/style>\n<div class='flex_cell av-e7ma0v-ce04ec4e51520bfa84be358d2a63241c av-gridrow-cell av_three_fifth no_margin  avia-builder-el-19  el_before_av_cell_two_fifth  avia-builder-el-first  av-zero-padding avia-full-stretch' ><div class='flex_cell_inner'><\/div><\/div>\n<style type=\"text\/css\" data-created_by=\"avia_inline_auto\" id=\"style-css-av-m734ggk8-27fe2c10ec28840b4440ca01fb8675b0\">\n.flex_cell.av-m734ggk8-27fe2c10ec28840b4440ca01fb8675b0{\nvertical-align:middle;\n}\n<\/style>\n<div class='flex_cell av-m734ggk8-27fe2c10ec28840b4440ca01fb8675b0 av-gridrow-cell av_two_fifth no_margin  avia-builder-el-20  el_after_av_cell_three_fifth  avia-builder-el-last ' ><div class='flex_cell_inner'><p>\n<style type=\"text\/css\" data-created_by=\"avia_inline_auto\" id=\"style-css-av-14dpq-126b0d3d5f37cdf8fc4254db4a86d874\">\n#top .av-special-heading.av-14dpq-126b0d3d5f37cdf8fc4254db4a86d874{\npadding-bottom:0px;\n}\nbody .av-special-heading.av-14dpq-126b0d3d5f37cdf8fc4254db4a86d874 .av-special-heading-tag .heading-char{\nfont-size:25px;\n}\n.av-special-heading.av-14dpq-126b0d3d5f37cdf8fc4254db4a86d874 .av-subheading{\nfont-size:15px;\n}\n<\/style>\n<div  class='av-special-heading av-14dpq-126b0d3d5f37cdf8fc4254db4a86d874 av-special-heading-h2 blockquote modern-quote  avia-builder-el-21  el_before_av_textblock  avia-builder-el-first '><h2 class='av-special-heading-tag'  itemprop=\"headline\"  >Dienstleistungen<\/h2><div class=\"special-heading-border\"><div class=\"special-heading-inner-border\"><\/div><\/div><\/div><br \/>\n<section  class='av_textblock_section av-k7n4bav4-1-c242431f3101fa7831dacb81fc9ba2a0'  itemscope=\"itemscope\" itemtype=\"https:\/\/schema.org\/CreativeWork\" ><div class='avia_textblock'  itemprop=\"text\" ><div class=\"flex max-w-full flex-col flex-grow\">\n<div class=\"min-h-8 text-message flex w-full flex-col items-end gap-2 whitespace-normal break-words text-start &#091;.text-message+&amp;&#093;:mt-5\" dir=\"auto\" data-message-author-role=\"assistant\" data-message-id=\"9ccf5bd3-b85d-44ca-84b5-bed324be9eb4\" data-message-model-slug=\"gpt-4o\">\n<div class=\"flex w-full flex-col gap-1 empty:hidden first:pt-&#091;3px&#093;\">\n<div class=\"markdown prose w-full break-words dark:prose-invert light\">\n<p data-start=\"34\" data-end=\"241\">Wir bieten eine umfassende Beratung sowie einen ganzheitlichen Service f\u00fcr unsere roxor Strahlanlagen \u2013 von der Planung und Realisierung bis zur langfristigen Wartung, Ersatzteilversorgung und Nachr\u00fcstung.<\/p>\n<p data-start=\"243\" data-end=\"417\" data-is-last-node=\"\">Dar\u00fcber hinaus modernisieren wir bestehende Anlagen durch Umbauten und Retrofits, insbesondere Baiker-Strahlanlagen, um deren Leistung und Effizienz nachhaltig zu optimieren.<\/p>\n<\/div>\n<\/div>\n<\/div>\n<\/div>\n<p><a class=\"with_arrow\" href=\"\/de\/dienstleistungen\"><em><strong>Dienstleistungen<\/strong><\/em><img loading=\"lazy\" decoding=\"async\" class=\"arrow alignnone size-full wp-image-54\" role=\"img\" src=\"\/wp-content\/uploads\/sites\/4\/2020\/03\/pfeil.svg\" alt=\"\" width=\"50\" height=\"30\" \/><\/a><\/p>\n<\/div><\/section><\/p>\n<\/div><\/div>\n<\/div><div id='after_grid_row_3'  class='main_color av_default_container_wrap container_wrap fullsize'  ><div class='container av-section-cont-open' ><div class='template-page content  av-content-full alpha units'><div class='post-entry post-entry-type-page post-entry-3199'><div class='entry-content-wrapper clearfix'>\n\n<style type=\"text\/css\" data-created_by=\"avia_inline_auto\" id=\"style-css-av-k7uet5y7-12-ec913a91fb5605d636ea378e6d5b3e92\">\n#top .hr.hr-invisible.av-k7uet5y7-12-ec913a91fb5605d636ea378e6d5b3e92{\nheight:50px;\n}\n<\/style>\n<div  class='hr av-k7uet5y7-12-ec913a91fb5605d636ea378e6d5b3e92 hr-invisible  avia-builder-el-23  el_after_av_layout_row  el_before_av_layout_row  avia-builder-el-no-sibling '><span class='hr-inner '><span class=\"hr-inner-style\"><\/span><\/span><\/div>\n<\/div><\/div><\/div><!-- close content main div --><\/div><\/div><div id='unternehmen'  class='av-layout-grid-container av-bzd9e7-51967d0dc2807f52cf05423bd848c1a1 entry-content-wrapper main_color av-flex-cells  avia-builder-el-24  el_after_av_hr  el_before_av_hr  av-cell-min-height av-cell-min-height-80 grid-row-not-first  container_wrap fullsize'   data-av_minimum_height_pc='80'>\n\n<style type=\"text\/css\" data-created_by=\"avia_inline_auto\" id=\"style-css-av-b4xky7-3ddb7966cdb12cd042d372a29d4c0961\">\n.flex_cell.av-b4xky7-3ddb7966cdb12cd042d372a29d4c0961{\nvertical-align:middle;\npadding:20px 20px 20px 80px;\n}\n<\/style>\n<div class='flex_cell av-b4xky7-3ddb7966cdb12cd042d372a29d4c0961 av-gridrow-cell av_two_fifth no_margin  avia-builder-el-25  el_before_av_cell_three_fifth  avia-builder-el-first ' ><div class='flex_cell_inner'><p>\n<style type=\"text\/css\" data-created_by=\"avia_inline_auto\" id=\"style-css-av-7tpbcf-1494d896e278e81c9cfaf3ac64283ee7\">\n#top .av-special-heading.av-7tpbcf-1494d896e278e81c9cfaf3ac64283ee7{\npadding-bottom:0px;\n}\nbody .av-special-heading.av-7tpbcf-1494d896e278e81c9cfaf3ac64283ee7 .av-special-heading-tag .heading-char{\nfont-size:25px;\n}\n.av-special-heading.av-7tpbcf-1494d896e278e81c9cfaf3ac64283ee7 .av-subheading{\nfont-size:15px;\n}\n<\/style>\n<div  class='av-special-heading av-7tpbcf-1494d896e278e81c9cfaf3ac64283ee7 av-special-heading-h2 blockquote modern-quote  avia-builder-el-26  el_before_av_textblock  avia-builder-el-first '><h2 class='av-special-heading-tag'  itemprop=\"headline\"  >Unternehmen<\/h2><div class=\"special-heading-border\"><div class=\"special-heading-inner-border\"><\/div><\/div><\/div><br \/>\n<section  class='av_textblock_section av-5baff3-94dc9bf65b3118c8be4a703d80c32deb'  itemscope=\"itemscope\" itemtype=\"https:\/\/schema.org\/CreativeWork\" ><div class='avia_textblock'  itemprop=\"text\" ><p>Wir als FREYMATIC AG sind ein etabliertes Schweizer Unternehmen, das seit 1855 im Sondermaschinen- und Anlagenbau t\u00e4tig ist. Urspr\u00fcnglich auf den Anlagenbau f\u00fcr die Keramik- und Ziegelindustrie spezialisiert, fokussieren wir uns seit 2011 zunehmend auf die Entwicklung von High-End-Strahlanlagen und effiziente Betriebsmittel f\u00fcr das Handling von Bauteilen rund um diese Anlagen.<\/p>\n<p><a class=\"with_arrow\" href=\"\/de\/ueber-uns\/\"><em><strong>\u00dcber uns<\/strong><\/em><img loading=\"lazy\" decoding=\"async\" class=\"arrow alignnone size-full wp-image-54\" role=\"img\" src=\"\/wp-content\/uploads\/sites\/4\/2020\/03\/pfeil.svg\" alt=\"\" width=\"50\" height=\"30\" \/><\/a><\/p>\n<\/div><\/section><\/p>\n<\/div><\/div>\n<style type=\"text\/css\" data-created_by=\"avia_inline_auto\" id=\"style-css-av-m734fr4d-efda7ee250926c587bc4ea8c48f84332\">\n.flex_cell.av-m734fr4d-efda7ee250926c587bc4ea8c48f84332{\nvertical-align:top;\nbackground:url(https:\/\/www.freymatic.com\/wp-content\/uploads\/2025\/02\/unternehmen-1.jpg) 0% 50% no-repeat scroll ;\n}\n<\/style>\n<div class='flex_cell av-m734fr4d-efda7ee250926c587bc4ea8c48f84332 av-gridrow-cell av_three_fifth no_margin  avia-builder-el-28  el_after_av_cell_two_fifth  avia-builder-el-last  avia-full-stretch' ><div class='flex_cell_inner'><\/div><\/div>\n<\/div><div id='after_grid_row_4'  class='main_color av_default_container_wrap container_wrap fullsize'  ><div class='container av-section-cont-open' ><div class='template-page content  av-content-full alpha units'><div class='post-entry post-entry-type-page post-entry-3199'><div class='entry-content-wrapper clearfix'>\n\n<style type=\"text\/css\" data-created_by=\"avia_inline_auto\" id=\"style-css-av-m8ihr6hq-3fd8040ef0d8414fb0c250b3bcb0f965\">\n#top .hr.hr-invisible.av-m8ihr6hq-3fd8040ef0d8414fb0c250b3bcb0f965{\nheight:25px;\n}\n<\/style>\n<div  class='hr av-m8ihr6hq-3fd8040ef0d8414fb0c250b3bcb0f965 hr-invisible  avia-builder-el-29  el_after_av_layout_row  avia-builder-el-no-sibling '><span class='hr-inner '><span class=\"hr-inner-style\"><\/span><\/span><\/div>\n","protected":false},"excerpt":{"rendered":"","protected":false},"author":3,"featured_media":1581,"parent":0,"menu_order":0,"comment_status":"closed","ping_status":"closed","template":"","meta":{"inline_featured_image":false,"footnotes":""},"class_list":["post-3199","page","type-page","status-publish","has-post-thumbnail","hentry"],"_links":{"self":[{"href":"https:\/\/www.freymatic.com\/de\/wp-json\/wp\/v2\/pages\/3199"}],"collection":[{"href":"https:\/\/www.freymatic.com\/de\/wp-json\/wp\/v2\/pages"}],"about":[{"href":"https:\/\/www.freymatic.com\/de\/wp-json\/wp\/v2\/types\/page"}],"author":[{"embeddable":true,"href":"https:\/\/www.freymatic.com\/de\/wp-json\/wp\/v2\/users\/3"}],"replies":[{"embeddable":true,"href":"https:\/\/www.freymatic.com\/de\/wp-json\/wp\/v2\/comments?post=3199"}],"version-history":[{"count":32,"href":"https:\/\/www.freymatic.com\/de\/wp-json\/wp\/v2\/pages\/3199\/revisions"}],"predecessor-version":[{"id":3712,"href":"https:\/\/www.freymatic.com\/de\/wp-json\/wp\/v2\/pages\/3199\/revisions\/3712"}],"wp:featuredmedia":[{"embeddable":true,"href":"https:\/\/www.freymatic.com\/de\/wp-json\/wp\/v2\/media\/1581"}],"wp:attachment":[{"href":"https:\/\/www.freymatic.com\/de\/wp-json\/wp\/v2\/media?parent=3199"}],"curies":[{"name":"wp","href":"https:\/\/api.w.org\/{rel}","templated":true}]}}